{"id":7,"date":"2026-03-09T22:19:11","date_gmt":"2026-03-09T21:19:11","guid":{"rendered":"https:\/\/codziennymetabolizm.eu\/?page_id=7"},"modified":"2026-03-09T22:19:11","modified_gmt":"2026-03-09T21:19:11","slug":"opinie","status":"publish","type":"page","link":"https:\/\/codziennymetabolizm.eu\/?page_id=7","title":{"rendered":"Opinie"},"content":{"rendered":"<h1 dir=\"auto\"><span>Opinie Go\u015bci<\/span><\/h1>\n<p class=\"body\" dir=\"auto\">Co m\u00f3wi\u0105 nasi zadowoleni go\u015bcie<\/p>\n<p class=\"body\" dir=\"auto\">Pobyt w Biesach to prawdziwy relaks w sercu Bieszczad. Ciep\u0142a atmosfera i pi\u0119kne wn\u0119trza sprawi\u0142y, \u017ce czuli\u015bmy si\u0119 jak w domu.<\/p>\n<h6 dir=\"auto\">Anna K.<\/h6>\n<p><img decoding=\"async\" src=\"https:\/\/images.unsplash.com\/photo-1535384733953-abacc86c8564\" alt=\"Cozy rustic guest room with wooden beams and stone accents bathed in warm natural light\" \/><\/p>\n<p class=\"body\" dir=\"auto\">Rzesz\u00f3w<\/p>\n<p class=\"body\" dir=\"auto\">Idealne miejsce na ucieczk\u0119 od miejskiego zgie\u0142ku. Spacer po okolicznych szlakach i wieczory przy kominku to co\u015b, co zapami\u0119tamy na d\u0142ugo.<\/p>\n<p><img decoding=\"async\" src=\"https:\/\/images.unsplash.com\/photo-1604178449156-323f840ed736\" alt=\"Sunset view of Bieszczady mountains with a cozy wooden cabin nestled among trees\" \/><\/p>\n<h6 dir=\"auto\">Marek S.<\/h6>\n<p class=\"body\" dir=\"auto\">Krak\u00f3w<\/p>\n<h6 dir=\"auto\">\u2605\u2605\u2605\u2605\u2605<\/h6>\n<h6 dir=\"auto\">\u2605\u2605\u2605\u2605\u2605<\/h6>\n","protected":false},"excerpt":{"rendered":"<p>Opinie Go\u015bci Co m\u00f3wi\u0105 nasi zadowoleni go\u015bcie Pobyt w Biesach to prawdziwy relaks w sercu Bieszczad. Ciep\u0142a atmosfera i pi\u0119kne [&hellip;]<\/p>\n","protected":false},"author":1,"featured_media":0,"parent":0,"menu_order":0,"comment_status":"closed","ping_status":"closed","template":"","meta":{"site-sidebar-layout":"default","site-content-layout":"","ast-site-content-layout":"default","site-content-style":"default","site-sidebar-style":"default","ast-global-header-display":"","ast-banner-title-visibility":"","ast-main-header-display":"","ast-hfb-above-header-display":"","ast-hfb-below-header-display":"","ast-hfb-mobile-header-display":"","site-post-title":"","ast-breadcrumbs-content":"","ast-featured-img":"","footer-sml-layout":"","ast-disable-related-posts":"","theme-transparent-header-meta":"","adv-header-id-meta":"","stick-header-meta":"","header-above-stick-meta":"","header-main-stick-meta":"","header-below-stick-meta":"","astra-migrate-meta-layouts":"default","ast-page-background-enabled":"default","ast-page-background-meta":{"desktop":{"background-color":"var(--ast-global-color-5)","background-image":"","background-repeat":"repeat","background-position":"center center","background-size":"auto","background-attachment":"scroll","background-type":"","background-media":"","overlay-type":"","overlay-color":"","overlay-opacity":"","overlay-gradient":""},"tablet":{"background-color":"","background-image":"","background-repeat":"repeat","background-position":"center center","background-size":"auto","background-attachment":"scroll","background-type":"","background-media":"","overlay-type":"","overlay-color":"","overlay-opacity":"","overlay-gradient":""},"mobile":{"background-color":"","background-image":"","background-repeat":"repeat","background-position":"center center","background-size":"auto","background-attachment":"scroll","background-type":"","background-media":"","overlay-type":"","overlay-color":"","overlay-opacity":"","overlay-gradient":""}},"ast-content-background-meta":{"desktop":{"background-color":"var(--ast-global-color-4)","background-image":"","background-repeat":"repeat","background-position":"center center","background-size":"auto","background-attachment":"scroll","background-type":"","background-media":"","overlay-type":"","overlay-color":"","overlay-opacity":"","overlay-gradient":""},"tablet":{"background-color":"var(--ast-global-color-4)","background-image":"","background-repeat":"repeat","background-position":"center center","background-size":"auto","background-attachment":"scroll","background-type":"","background-media":"","overlay-type":"","overlay-color":"","overlay-opacity":"","overlay-gradient":""},"mobile":{"background-color":"var(--ast-global-color-4)","background-image":"","background-repeat":"repeat","background-position":"center center","background-size":"auto","background-attachment":"scroll","background-type":"","background-media":"","overlay-type":"","overlay-color":"","overlay-opacity":"","overlay-gradient":""}},"footnotes":""},"class_list":["post-7","page","type-page","status-publish","hentry"],"_hostinger_reach_plugin_has_subscription_block":false,"_hostinger_reach_plugin_is_elementor":false,"_links":{"self":[{"href":"https:\/\/codziennymetabolizm.eu\/index.php?rest_route=\/wp\/v2\/pages\/7","targetHints":{"allow":["GET"]}}],"collection":[{"href":"https:\/\/codziennymetabolizm.eu\/index.php?rest_route=\/wp\/v2\/pages"}],"about":[{"href":"https:\/\/codziennymetabolizm.eu\/index.php?rest_route=\/wp\/v2\/types\/page"}],"author":[{"embeddable":true,"href":"https:\/\/codziennymetabolizm.eu\/index.php?rest_route=\/wp\/v2\/users\/1"}],"replies":[{"embeddable":true,"href":"https:\/\/codziennymetabolizm.eu\/index.php?rest_route=%2Fwp%2Fv2%2Fcomments&post=7"}],"version-history":[{"count":0,"href":"https:\/\/codziennymetabolizm.eu\/index.php?rest_route=\/wp\/v2\/pages\/7\/revisions"}],"wp:attachment":[{"href":"https:\/\/codziennymetabolizm.eu\/index.php?rest_route=%2Fwp%2Fv2%2Fmedia&parent=7"}],"curies":[{"name":"wp","href":"https:\/\/api.w.org\/{rel}","templated":true}]}}