{"id":11,"date":"2026-03-09T22:19:11","date_gmt":"2026-03-09T21:19:11","guid":{"rendered":"https:\/\/codziennymetabolizm.eu\/?page_id=11"},"modified":"2026-03-09T22:19:11","modified_gmt":"2026-03-09T21:19:11","slug":"pokoje","status":"publish","type":"page","link":"https:\/\/codziennymetabolizm.eu\/?page_id=11","title":{"rendered":"Pokoje"},"content":{"rendered":"<h1 dir=\"auto\"><span>Galeria<\/span><\/h1>\n<p class=\"body\" dir=\"auto\">Zobacz nasze przytulne pokoje i naturalne wn\u0119trza<\/p>\n<p><img decoding=\"async\" src=\"https:\/\/images.unsplash.com\/photo-1691751623472-dddb1ca4a801\" alt=\"Cozy rustic bedroom with wooden beams and warm lighting\" \/><br \/>\n<img decoding=\"async\" src=\"https:\/\/images.unsplash.com\/photo-1677274207845-0a3a435df146\" alt=\"Stone fireplace in a comfortable room with natural decor\" \/><br \/>\n<img decoding=\"async\" src=\"https:\/\/images.unsplash.com\/photo-1615827144571-70d75560ced0\" alt=\"Sunlit room with wooden furniture and soft earth tones\" \/><br \/>\n<img decoding=\"async\" src=\"https:\/\/images.unsplash.com\/photo-1570482621227-bb7f58192082\" alt=\"Inviting seating area with cushions and natural wood accents\" \/><br \/>\n<img decoding=\"async\" src=\"https:\/\/images.unsplash.com\/photo-1682170607705-687f038ab2d1\" alt=\"View from the window showing peaceful Bieszczady landscape\" \/><br \/>\n<img decoding=\"async\" src=\"https:\/\/images.unsplash.com\/photo-1665930152500-26acb7c86076\" alt=\"Cozy rustic bedroom with wooden beams and soft natural light filtering through lace curtains.\" \/><br \/>\n<img decoding=\"async\" src=\"https:\/\/images.unsplash.com\/photo-1603039531759-1a1bbe4f9f94\" alt=\"Warm stone fireplace in a charming Bieszczady-style room with handcrafted wooden furniture.\" \/><\/p>\n<h4 dir=\"auto\"><span>Pok\u00f3j Le\u015bny<\/span><\/h4>\n<p class=\"body\" dir=\"auto\">Przytulny pok\u00f3j z widokiem na las, drewniane meble i naturalne tkaniny tworz\u0105 ciep\u0142\u0105 atmosfer\u0119.<\/p>\n<h5 dir=\"auto\"><strong>180 z\u0142<\/strong><\/h5>\n<p><img decoding=\"async\" src=\"https:\/\/images.unsplash.com\/photo-1633411190688-e1ec1ae7859b\" alt=\"Sunlit room with stone accents and a comfortable double bed dressed in earthy tones.\" \/><\/p>\n<h4 dir=\"auto\"><span>Pok\u00f3j G\u00f3rski<\/span><\/h4>\n<p class=\"body\" dir=\"auto\">Rustykalny pok\u00f3j z kamienn\u0105 \u015bcian\u0105, mi\u0119kkim o\u015bwietleniem i widokiem na bieszczadzkie wzg\u00f3rza.<\/p>\n<h5 dir=\"auto\"><strong>220 z\u0142<\/strong><\/h5>\n<p><img decoding=\"async\" src=\"https:\/\/images.unsplash.com\/photo-1592628347746-7ba0d2da9d65\" alt=\"Detail of rustic wooden door with iron hinges, surrounded by natural stone walls.\" \/><br \/>\n<img decoding=\"async\" src=\"https:\/\/images.unsplash.com\/photo-1673184838408-86bcece4694e\" alt=\"Cozy reading nook by the window with soft cushions and a view of the Bieszczady forest.\" \/><br \/>\n<img decoding=\"async\" src=\"https:\/\/images.unsplash.com\/photo-1627441529129-69ee7c13805b\" alt=\"Evening shot of the pension surrounded by pine trees under a colorful sunset sky.\" \/><\/p>\n","protected":false},"excerpt":{"rendered":"<p>Galeria Zobacz nasze przytulne pokoje i naturalne wn\u0119trza Pok\u00f3j Le\u015bny Przytulny pok\u00f3j z widokiem na las, drewniane meble i naturalne [&hellip;]<\/p>\n","protected":false},"author":1,"featured_media":0,"parent":0,"menu_order":0,"comment_status":"closed","ping_status":"closed","template":"","meta":{"site-sidebar-layout":"default","site-content-layout":"","ast-site-content-layout":"default","site-content-style":"default","site-sidebar-style":"default","ast-global-header-display":"","ast-banner-title-visibility":"","ast-main-header-display":"","ast-hfb-above-header-display":"","ast-hfb-below-header-display":"","ast-hfb-mobile-header-display":"","site-post-title":"","ast-breadcrumbs-content":"","ast-featured-img":"","footer-sml-layout":"","ast-disable-related-posts":"","theme-transparent-header-meta":"","adv-header-id-meta":"","stick-header-meta":"","header-above-stick-meta":"","header-main-stick-meta":"","header-below-stick-meta":"","astra-migrate-meta-layouts":"default","ast-page-background-enabled":"default","ast-page-background-meta":{"desktop":{"background-color":"var(--ast-global-color-5)","background-image":"","background-repeat":"repeat","background-position":"center center","background-size":"auto","background-attachment":"scroll","background-type":"","background-media":"","overlay-type":"","overlay-color":"","overlay-opacity":"","overlay-gradient":""},"tablet":{"background-color":"","background-image":"","background-repeat":"repeat","background-position":"center center","background-size":"auto","background-attachment":"scroll","background-type":"","background-media":"","overlay-type":"","overlay-color":"","overlay-opacity":"","overlay-gradient":""},"mobile":{"background-color":"","background-image":"","background-repeat":"repeat","background-position":"center center","background-size":"auto","background-attachment":"scroll","background-type":"","background-media":"","overlay-type":"","overlay-color":"","overlay-opacity":"","overlay-gradient":""}},"ast-content-background-meta":{"desktop":{"background-color":"var(--ast-global-color-4)","background-image":"","background-repeat":"repeat","background-position":"center center","background-size":"auto","background-attachment":"scroll","background-type":"","background-media":"","overlay-type":"","overlay-color":"","overlay-opacity":"","overlay-gradient":""},"tablet":{"background-color":"var(--ast-global-color-4)","background-image":"","background-repeat":"repeat","background-position":"center center","background-size":"auto","background-attachment":"scroll","background-type":"","background-media":"","overlay-type":"","overlay-color":"","overlay-opacity":"","overlay-gradient":""},"mobile":{"background-color":"var(--ast-global-color-4)","background-image":"","background-repeat":"repeat","background-position":"center center","background-size":"auto","background-attachment":"scroll","background-type":"","background-media":"","overlay-type":"","overlay-color":"","overlay-opacity":"","overlay-gradient":""}},"footnotes":""},"class_list":["post-11","page","type-page","status-publish","hentry"],"_hostinger_reach_plugin_has_subscription_block":false,"_hostinger_reach_plugin_is_elementor":false,"_links":{"self":[{"href":"https:\/\/codziennymetabolizm.eu\/index.php?rest_route=\/wp\/v2\/pages\/11","targetHints":{"allow":["GET"]}}],"collection":[{"href":"https:\/\/codziennymetabolizm.eu\/index.php?rest_route=\/wp\/v2\/pages"}],"about":[{"href":"https:\/\/codziennymetabolizm.eu\/index.php?rest_route=\/wp\/v2\/types\/page"}],"author":[{"embeddable":true,"href":"https:\/\/codziennymetabolizm.eu\/index.php?rest_route=\/wp\/v2\/users\/1"}],"replies":[{"embeddable":true,"href":"https:\/\/codziennymetabolizm.eu\/index.php?rest_route=%2Fwp%2Fv2%2Fcomments&post=11"}],"version-history":[{"count":0,"href":"https:\/\/codziennymetabolizm.eu\/index.php?rest_route=\/wp\/v2\/pages\/11\/revisions"}],"wp:attachment":[{"href":"https:\/\/codziennymetabolizm.eu\/index.php?rest_route=%2Fwp%2Fv2%2Fmedia&parent=11"}],"curies":[{"name":"wp","href":"https:\/\/api.w.org\/{rel}","templated":true}]}}